{"id":82,"date":"2009-09-08T22:59:39","date_gmt":"2009-09-09T01:59:39","guid":{"rendered":"https:\/\/www.catureba.com.br\/baciadojacuipe\/?page_id=82"},"modified":"2025-09-02T23:59:11","modified_gmt":"2025-09-03T02:59:11","slug":"quem-somos","status":"publish","type":"page","link":"https:\/\/www.catureba.com.br\/baciadojacuipe\/quem-somos\/","title":{"rendered":"Quem Somos"},"content":{"rendered":"<p><strong>Sobre o Portal Bacia do Jacu\u00edpe<\/strong><\/p>\n<p>O site <strong><a href=\"https:\/\/www.catureba.com.br\/\">WWW.BACIADOJACUIPE.COM.BR<\/a><\/strong>\u00a0\u00e9 uma iniciativa da Catu Inform\u00e1tica em Baixa Grande, o site foi criado em 8 de setembro de 2009 para suprir a necessidade de se ter um portal com informa\u00e7\u00f5es das 14 cidades pertencentes ao territ\u00f3rio da identidade Bacia do Jacu\u00edpe. Por meio dele pretende-se divulgar todos os eventos em nosso territ\u00f3rio, relacionado \u00e0 cultura, ao turismo, a religi\u00e3o, a pol\u00edtica, ao trabalho da regi\u00e3o.<\/p>\n<p>&nbsp;<\/p>\n<h3><strong>Outros sites desenvolvidos pela Catu Inform\u00e1tica<\/strong><\/h3>\n<p><a href=\"http:\/\/www.baixagrande.net\/\" target=\"main\">www.baixagrande.net<\/a><\/p>\n<p><a href=\"http:\/\/www.camarabaixagrande.ba.gov.br\/\" target=\"main\">www.camarabaixagrande.ba.gov.br<\/a><\/p>\n<p><a href=\"http:\/\/www.catuinformatica.com.br\/\" target=\"main\">www.catuinformatica.com.br<\/a><\/p>\n<p>&nbsp;<\/p>\n<h3><strong>Informa\u00e7\u00f5es da Empresa<\/strong><\/h3>\n<p><strong>EMPRESA:<\/strong>\u00a0Catu Inform\u00e1tica<\/p>\n<p><strong>CNPJ: n\u00ba<\/strong>10.528.163\/0001-03<\/p>\n<p><strong>RESPONS\u00c1VEL:<\/strong>\u00a0Ediom\u00e1rio Catueba Rios\u00a0<em>(RPR 0008484\/BA)<\/em><\/p>\n<p><strong>E-MAIL:<\/strong> ediomario@catureba.com.br<\/p>\n<p>Telefone\/WhastApp (74) 999962 &#8211; 3779<\/p>\n<p>&nbsp;<\/p>\n<p><strong>Sobre o Territ\u00f3rio de Identidade Bacia do Jacu\u00edpe<br \/>\n<\/strong><\/p>\n<p>O Territ\u00f3rio de identidade Bacia do Jacu\u00edpe, encravada no sert\u00e3o baiano, \u00e9 constitu\u00edda por 14 (quatorze) munic\u00edpios do semi-\u00e1rido, cada um com suas especificidades pol\u00edtico-administrativas, mas com suas identidades e semelhan\u00e7as geof\u00edsicas, edafoclim\u00e1ticas, culturas e econ\u00f4micas.<\/p>\n<p>Sua Popula\u00e7\u00e3o contada em 2010 \u00e9 de 237.267 habitantes dividido em 15 munic\u00edpios, s\u00e3o eles: Baixa Grande, Capela do Alto Alegre, Capim Grosso, Gavi\u00e3o, Ipir\u00e1, Mairi, Nova F\u00e1tima, P\u00e9 de Serra, Pintadas, Quixabeira, Riach\u00e3o do Jacu\u00edpe, S\u00e3o Jos\u00e9 do Jacu\u00edpe, Serra Preta, V\u00e1rzea da Ro\u00e7a e V\u00e1rzea do Po\u00e7o.<\/p>\n<p><a href=\"https:\/\/www.catureba.com.br\/biblioteca\/posts\/15\/ptds.pdf\"><strong>Download do PTDS 2010. Clique Aqui<\/strong><\/a><\/p>\n<p><strong>POR QU\u00ca TERRIT\u00d3RIO?<\/strong><\/p>\n<p><strong>Territ\u00f3rios de Identidade<\/strong><br \/>\nO conceito de territ\u00f3rios de identidade foi criado pelo revolucion\u00e1rio ge\u00f3grafo Milton Santos, um dos maiores pensadores &#8220;baiano-brasileiros&#8221; de todos os tempos. Ele elaborou um conceito de territ\u00f3rio geogr\u00e1fico vivo e din\u00e2mico, como um espa\u00e7o ocupado e transformado, &#8220;indivis\u00edvel dos seres humanos e de suas a\u00e7\u00f5es&#8221;.<\/p>\n<p><strong>Territ\u00f3rios de Identidade<\/strong><br \/>\nO programa Territ\u00f3rios de Identidade, inspirado nesse conceito, \u00e9 o mais acertado programa governamental dos \u00faltimos anos, pois assimila princ\u00edpios b\u00e1sicos da democratiza\u00e7\u00e3o das pol\u00edticas p\u00fablicas como a descentraliza\u00e7\u00e3o das decis\u00f5es, a regionaliza\u00e7\u00e3o das a\u00e7\u00f5es e a co-responsabilidade na aplica\u00e7\u00e3o de recursos, e na execu\u00e7\u00e3o e avalia\u00e7\u00e3o de projetos.<br \/>\nNesse modelo, a Bahia foi sub-dividida em 26 territ\u00f3rios de identidade, e as a\u00e7\u00f5es do programa alcan\u00e7am a participa\u00e7\u00e3o efetiva de representantes territoriais nos mais variados campos de a\u00e7\u00e3o. Al\u00e9m disso, o programa est\u00e1 ressuscitando a id\u00e9ia de que \u00e9 preciso trabalhar com uma vis\u00e3o multi setorial, interdisciplinar e em conjunto com as bases sociais.<\/p>\n<p>O sul da Bahia \u00e9 um territ\u00f3rio de identidade e sempre soubemos disto, pois nossas especificidades sempre foram evidentes, como Regi\u00e3o Cacaueira &#8211; Costa do Cacau, ou como Litoral Sul, como adotou o programa. Por aqui, preferimos ser chamados apenas de Sul da Bahia, e haveremos de nos distinguir como regi\u00e3o vocacionada para um promissor modelo de desenvolvimento justo e sustent\u00e1vel para a sociedade e o planeta.<\/p>\n<p><img decoding=\"async\" src=\"https:\/\/www.catureba.com.br\/imgcidades\/territorios.jpg\" alt=\"\" align=\"left\" \/><strong>Bacia do Jacu\u00edpe<\/strong><br \/>\nA Pol\u00edtica de Territ\u00f3rios de Identidade foi institu\u00edda pela Secretaria de Desenvolvimento Territorial (SDT) do Minist\u00e9rio do Desenvolvimento Agr\u00e1rio (MDA) em 2003, quando, em comum acordo com prefeitos e representantes da sociedade civil organizada, definiram as principais estrat\u00e9gias de implementa\u00e7\u00e3o. Logo depois, em 2004, segmentos da sociedade civil organizada e do poder p\u00fablico envolvidos no processo de trabalho constitu\u00edram o CODES \u2013 Conselho Regional de Desenvolvimento Rural Sustent\u00e1vel da Bacia do Jacu\u00edpe, entidade civil respons\u00e1vel pela coordena\u00e7\u00e3o dos trabalhos inerentes \u00e0 defini\u00e7\u00e3o e implementa\u00e7\u00e3o de pol\u00edticas p\u00fablicas no Territ\u00f3rio guiadas por este Plano Territorial de Desenvolvimento Sustent\u00e1vel (PTDS), que se constitui na pe\u00e7a-chave da estrat\u00e9gia de gest\u00e3o do processo de desenvolvimento territorial sustent\u00e1vel, compromisso maior do CODES. Os munic\u00edpios que constituem o Territ\u00f3rio Bacia do Jacu\u00edpe ainda se apresentam com caracter\u00edsticas eminentemente rurais: a maior parte da popula\u00e7\u00e3o (55%) vive no campo; a agropecu\u00e1ria, embora oficialmente tenha peso igual \u00e0s atividades industriais na forma\u00e7\u00e3o do PIB, tem preponder\u00e2ncia, considerando que uma parcela significativa de tudo que \u00e9 produzido (feij\u00e3o, farinha, carne, leite etc.) \u00e9 destinada ao auto-consumo e n\u00e3o aparece na contabilidade oficial. Por outro lado, \u00e9 raro encontrar-se algu\u00e9m, mesmo vivendo nas cidades, que n\u00e3o tenha nenhum v\u00ednculo com o meio rural; assim, o modus vivendi da popula\u00e7\u00e3o \u00e9 predominantemente rural, com suas tradi\u00e7\u00f5es e cultura. Apesar disso, \u00e9 necess\u00e1rio se pensar o futuro de nossos munic\u00edpios de forma integrada e org\u00e2nica, considerando o rural e o urbano como integrantes de um mesmo conjunto. Assim, este Plano Territorial de Desenvolvimento Sustent\u00e1vel (PTDS), embora esteja mais focado para o rural, fonte de mat\u00e9rias-primas, ele contempla o todo, at\u00e9 porque n\u00e3o seria poss\u00edvel pensar o desenvolvimento sustent\u00e1vel sem um planejamento hol\u00edstico, sist\u00eamico e integral.<\/p>\n<p><em>Fonte: PDTS 2010<\/em><\/p>\n","protected":false},"excerpt":{"rendered":"<p>Sobre o Portal Bacia do Jacu\u00edpe O site WWW.BACIADOJACUIPE.COM.BR\u00a0\u00e9 uma iniciativa da Catu Inform\u00e1tica em<\/p>\n","protected":false},"author":1,"featured_media":0,"parent":0,"menu_order":0,"comment_status":"closed","ping_status":"closed","template":"","meta":{"_uag_custom_page_level_css":"","footnotes":""},"class_list":["post-82","page","type-page","status-publish","hentry"],"a3_pvc":{"activated":false,"total_views":0,"today_views":0},"yoast_head":"<!-- This site is optimized with the Yoast SEO plugin v27.4 - https:\/\/yoast.com\/product\/yoast-seo-wordpress\/ -->\n<title>Quem Somos - Bacia do Jacu\u00edpe<\/title>\n<meta name=\"robots\" content=\"index, follow, max-snippet:-1, max-image-preview:large, max-video-preview:-1\" \/>\n<link rel=\"canonical\" href=\"https:\/\/www.catureba.com.br\/baciadojacuipe\/quem-somos\/\" \/>\n<meta property=\"og:locale\" content=\"pt_BR\" \/>\n<meta property=\"og:type\" content=\"article\" \/>\n<meta property=\"og:title\" content=\"Quem Somos - Bacia do Jacu\u00edpe\" \/>\n<meta property=\"og:description\" content=\"Sobre o Portal Bacia do Jacu\u00edpe O site WWW.BACIADOJACUIPE.COM.BR\u00a0\u00e9 uma iniciativa da Catu Inform\u00e1tica em\" \/>\n<meta property=\"og:url\" content=\"https:\/\/www.catureba.com.br\/baciadojacuipe\/quem-somos\/\" \/>\n<meta property=\"og:site_name\" content=\"Bacia do Jacu\u00edpe\" \/>\n<meta property=\"article:modified_time\" content=\"2025-09-03T02:59:11+00:00\" \/>\n<meta property=\"og:image\" content=\"https:\/\/www.catureba.com.br\/imgcidades\/territorios.jpg\" \/>\n<meta name=\"twitter:card\" content=\"summary_large_image\" \/>\n<meta name=\"twitter:label1\" content=\"Est. tempo de leitura\" \/>\n\t<meta name=\"twitter:data1\" content=\"4 minutos\" \/>\n<script type=\"application\/ld+json\" class=\"yoast-schema-graph\">{\"@context\":\"https:\\\/\\\/schema.org\",\"@graph\":[{\"@type\":\"WebPage\",\"@id\":\"https:\\\/\\\/www.catureba.com.br\\\/baciadojacuipe\\\/quem-somos\\\/\",\"url\":\"https:\\\/\\\/www.catureba.com.br\\\/baciadojacuipe\\\/quem-somos\\\/\",\"name\":\"Quem Somos - Bacia do Jacu\u00edpe\",\"isPartOf\":{\"@id\":\"https:\\\/\\\/www.catureba.com.br\\\/baciadojacuipe\\\/#website\"},\"primaryImageOfPage\":{\"@id\":\"https:\\\/\\\/www.catureba.com.br\\\/baciadojacuipe\\\/quem-somos\\\/#primaryimage\"},\"image\":{\"@id\":\"https:\\\/\\\/www.catureba.com.br\\\/baciadojacuipe\\\/quem-somos\\\/#primaryimage\"},\"thumbnailUrl\":\"https:\\\/\\\/www.catureba.com.br\\\/imgcidades\\\/territorios.jpg\",\"datePublished\":\"2009-09-09T01:59:39+00:00\",\"dateModified\":\"2025-09-03T02:59:11+00:00\",\"breadcrumb\":{\"@id\":\"https:\\\/\\\/www.catureba.com.br\\\/baciadojacuipe\\\/quem-somos\\\/#breadcrumb\"},\"inLanguage\":\"pt-BR\",\"potentialAction\":[{\"@type\":\"ReadAction\",\"target\":[\"https:\\\/\\\/www.catureba.com.br\\\/baciadojacuipe\\\/quem-somos\\\/\"]}]},{\"@type\":\"ImageObject\",\"inLanguage\":\"pt-BR\",\"@id\":\"https:\\\/\\\/www.catureba.com.br\\\/baciadojacuipe\\\/quem-somos\\\/#primaryimage\",\"url\":\"https:\\\/\\\/www.catureba.com.br\\\/imgcidades\\\/territorios.jpg\",\"contentUrl\":\"https:\\\/\\\/www.catureba.com.br\\\/imgcidades\\\/territorios.jpg\"},{\"@type\":\"BreadcrumbList\",\"@id\":\"https:\\\/\\\/www.catureba.com.br\\\/baciadojacuipe\\\/quem-somos\\\/#breadcrumb\",\"itemListElement\":[{\"@type\":\"ListItem\",\"position\":1,\"name\":\"In\u00edcio\",\"item\":\"https:\\\/\\\/www.catureba.com.br\\\/baciadojacuipe\\\/\"},{\"@type\":\"ListItem\",\"position\":2,\"name\":\"Quem Somos\"}]},{\"@type\":\"WebSite\",\"@id\":\"https:\\\/\\\/www.catureba.com.br\\\/baciadojacuipe\\\/#website\",\"url\":\"https:\\\/\\\/www.catureba.com.br\\\/baciadojacuipe\\\/\",\"name\":\"Bacia do Jacu\u00edpe\",\"description\":\"15 Munic\u00edpios em um s\u00f3 Lugar\",\"publisher\":{\"@id\":\"https:\\\/\\\/www.catureba.com.br\\\/baciadojacuipe\\\/#organization\"},\"potentialAction\":[{\"@type\":\"SearchAction\",\"target\":{\"@type\":\"EntryPoint\",\"urlTemplate\":\"https:\\\/\\\/www.catureba.com.br\\\/baciadojacuipe\\\/?s={search_term_string}\"},\"query-input\":{\"@type\":\"PropertyValueSpecification\",\"valueRequired\":true,\"valueName\":\"search_term_string\"}}],\"inLanguage\":\"pt-BR\"},{\"@type\":\"Organization\",\"@id\":\"https:\\\/\\\/www.catureba.com.br\\\/baciadojacuipe\\\/#organization\",\"name\":\"Bacia do Jacu\u00edpe\",\"url\":\"https:\\\/\\\/www.catureba.com.br\\\/baciadojacuipe\\\/\",\"logo\":{\"@type\":\"ImageObject\",\"inLanguage\":\"pt-BR\",\"@id\":\"https:\\\/\\\/www.catureba.com.br\\\/baciadojacuipe\\\/#\\\/schema\\\/logo\\\/image\\\/\",\"url\":\"https:\\\/\\\/www.catureba.com.br\\\/baciadojacuipe\\\/wp-content\\\/uploads\\\/2025\\\/08\\\/cropped-logo.png\",\"contentUrl\":\"https:\\\/\\\/www.catureba.com.br\\\/baciadojacuipe\\\/wp-content\\\/uploads\\\/2025\\\/08\\\/cropped-logo.png\",\"width\":149,\"height\":150,\"caption\":\"Bacia do Jacu\u00edpe\"},\"image\":{\"@id\":\"https:\\\/\\\/www.catureba.com.br\\\/baciadojacuipe\\\/#\\\/schema\\\/logo\\\/image\\\/\"}}]}<\/script>\n<!-- \/ Yoast SEO plugin. -->","yoast_head_json":{"title":"Quem Somos - Bacia do Jacu\u00edpe","robots":{"index":"index","follow":"follow","max-snippet":"max-snippet:-1","max-image-preview":"max-image-preview:large","max-video-preview":"max-video-preview:-1"},"canonical":"https:\/\/www.catureba.com.br\/baciadojacuipe\/quem-somos\/","og_locale":"pt_BR","og_type":"article","og_title":"Quem Somos - Bacia do Jacu\u00edpe","og_description":"Sobre o Portal Bacia do Jacu\u00edpe O site WWW.BACIADOJACUIPE.COM.BR\u00a0\u00e9 uma iniciativa da Catu Inform\u00e1tica em","og_url":"https:\/\/www.catureba.com.br\/baciadojacuipe\/quem-somos\/","og_site_name":"Bacia do Jacu\u00edpe","article_modified_time":"2025-09-03T02:59:11+00:00","og_image":[{"url":"https:\/\/www.catureba.com.br\/imgcidades\/territorios.jpg","type":"","width":"","height":""}],"twitter_card":"summary_large_image","twitter_misc":{"Est. tempo de leitura":"4 minutos"},"schema":{"@context":"https:\/\/schema.org","@graph":[{"@type":"WebPage","@id":"https:\/\/www.catureba.com.br\/baciadojacuipe\/quem-somos\/","url":"https:\/\/www.catureba.com.br\/baciadojacuipe\/quem-somos\/","name":"Quem Somos - Bacia do Jacu\u00edpe","isPartOf":{"@id":"https:\/\/www.catureba.com.br\/baciadojacuipe\/#website"},"primaryImageOfPage":{"@id":"https:\/\/www.catureba.com.br\/baciadojacuipe\/quem-somos\/#primaryimage"},"image":{"@id":"https:\/\/www.catureba.com.br\/baciadojacuipe\/quem-somos\/#primaryimage"},"thumbnailUrl":"https:\/\/www.catureba.com.br\/imgcidades\/territorios.jpg","datePublished":"2009-09-09T01:59:39+00:00","dateModified":"2025-09-03T02:59:11+00:00","breadcrumb":{"@id":"https:\/\/www.catureba.com.br\/baciadojacuipe\/quem-somos\/#breadcrumb"},"inLanguage":"pt-BR","potentialAction":[{"@type":"ReadAction","target":["https:\/\/www.catureba.com.br\/baciadojacuipe\/quem-somos\/"]}]},{"@type":"ImageObject","inLanguage":"pt-BR","@id":"https:\/\/www.catureba.com.br\/baciadojacuipe\/quem-somos\/#primaryimage","url":"https:\/\/www.catureba.com.br\/imgcidades\/territorios.jpg","contentUrl":"https:\/\/www.catureba.com.br\/imgcidades\/territorios.jpg"},{"@type":"BreadcrumbList","@id":"https:\/\/www.catureba.com.br\/baciadojacuipe\/quem-somos\/#breadcrumb","itemListElement":[{"@type":"ListItem","position":1,"name":"In\u00edcio","item":"https:\/\/www.catureba.com.br\/baciadojacuipe\/"},{"@type":"ListItem","position":2,"name":"Quem Somos"}]},{"@type":"WebSite","@id":"https:\/\/www.catureba.com.br\/baciadojacuipe\/#website","url":"https:\/\/www.catureba.com.br\/baciadojacuipe\/","name":"Bacia do Jacu\u00edpe","description":"15 Munic\u00edpios em um s\u00f3 Lugar","publisher":{"@id":"https:\/\/www.catureba.com.br\/baciadojacuipe\/#organization"},"potentialAction":[{"@type":"SearchAction","target":{"@type":"EntryPoint","urlTemplate":"https:\/\/www.catureba.com.br\/baciadojacuipe\/?s={search_term_string}"},"query-input":{"@type":"PropertyValueSpecification","valueRequired":true,"valueName":"search_term_string"}}],"inLanguage":"pt-BR"},{"@type":"Organization","@id":"https:\/\/www.catureba.com.br\/baciadojacuipe\/#organization","name":"Bacia do Jacu\u00edpe","url":"https:\/\/www.catureba.com.br\/baciadojacuipe\/","logo":{"@type":"ImageObject","inLanguage":"pt-BR","@id":"https:\/\/www.catureba.com.br\/baciadojacuipe\/#\/schema\/logo\/image\/","url":"https:\/\/www.catureba.com.br\/baciadojacuipe\/wp-content\/uploads\/2025\/08\/cropped-logo.png","contentUrl":"https:\/\/www.catureba.com.br\/baciadojacuipe\/wp-content\/uploads\/2025\/08\/cropped-logo.png","width":149,"height":150,"caption":"Bacia do Jacu\u00edpe"},"image":{"@id":"https:\/\/www.catureba.com.br\/baciadojacuipe\/#\/schema\/logo\/image\/"}}]}},"uagb_featured_image_src":{"full":false,"thumbnail":false,"medium":false,"medium_large":false,"large":false,"1536x1536":false,"2048x2048":false,"cream-magazine-thumbnail-2":false,"cream-magazine-thumbnail-3":false,"cream-magazine-thumbnail-4":false},"uagb_author_info":{"display_name":"Ediom\u00e1rio Catureba","author_link":"https:\/\/www.catureba.com.br\/baciadojacuipe\/author\/edyomario\/"},"uagb_comment_info":0,"uagb_excerpt":"Sobre o Portal Bacia do Jacu\u00edpe O site WWW.BACIADOJACUIPE.COM.BR\u00a0\u00e9 uma iniciativa da Catu Inform\u00e1tica em","_links":{"self":[{"href":"https:\/\/www.catureba.com.br\/baciadojacuipe\/wp-json\/wp\/v2\/pages\/82","targetHints":{"allow":["GET"]}}],"collection":[{"href":"https:\/\/www.catureba.com.br\/baciadojacuipe\/wp-json\/wp\/v2\/pages"}],"about":[{"href":"https:\/\/www.catureba.com.br\/baciadojacuipe\/wp-json\/wp\/v2\/types\/page"}],"author":[{"embeddable":true,"href":"https:\/\/www.catureba.com.br\/baciadojacuipe\/wp-json\/wp\/v2\/users\/1"}],"replies":[{"embeddable":true,"href":"https:\/\/www.catureba.com.br\/baciadojacuipe\/wp-json\/wp\/v2\/comments?post=82"}],"version-history":[{"count":2,"href":"https:\/\/www.catureba.com.br\/baciadojacuipe\/wp-json\/wp\/v2\/pages\/82\/revisions"}],"predecessor-version":[{"id":287,"href":"https:\/\/www.catureba.com.br\/baciadojacuipe\/wp-json\/wp\/v2\/pages\/82\/revisions\/287"}],"wp:attachment":[{"href":"https:\/\/www.catureba.com.br\/baciadojacuipe\/wp-json\/wp\/v2\/media?parent=82"}],"curies":[{"name":"wp","href":"https:\/\/api.w.org\/{rel}","templated":true}]}}